{"id":86,"date":"2024-10-25T23:34:34","date_gmt":"2024-10-25T23:34:34","guid":{"rendered":"https:\/\/kurpfaelzer-alphornblaeser.de\/?page_id=86"},"modified":"2025-04-30T11:53:14","modified_gmt":"2025-04-30T11:53:14","slug":"2014-ladenburg","status":"publish","type":"page","link":"https:\/\/kurpfaelzer-alphornblaeser.de\/index.php\/2014-ladenburg\/","title":{"rendered":"2014 Ladenburg"},"content":{"rendered":"<div class=\"wp-block-image\">\n<figure class=\"aligncenter size-full\"><img loading=\"lazy\" decoding=\"async\" width=\"449\" height=\"644\" src=\"https:\/\/kurpfaelzer-alphornblaeser.de\/wp-content\/uploads\/2024\/10\/Flyer2.png\" alt=\"\" class=\"wp-image-99\" srcset=\"https:\/\/kurpfaelzer-alphornblaeser.de\/wp-content\/uploads\/2024\/10\/Flyer2.png 449w, https:\/\/kurpfaelzer-alphornblaeser.de\/wp-content\/uploads\/2024\/10\/Flyer2-209x300.png 209w\" sizes=\"auto, (max-width: 449px) 100vw, 449px\" \/><\/figure>\n<\/div>\n\n\n<div style=\"height:68px\" aria-hidden=\"true\" class=\"wp-block-spacer\"><\/div>\n\n\n\n<h2 class=\"wp-block-heading has-text-align-center\">Teilnehmer: Gruppen und Einzelspieler<\/h2>\n\n\n\n<div style=\"height:18px\" aria-hidden=\"true\" class=\"wp-block-spacer\"><\/div>\n\n\n\n<figure class=\"wp-block-table aligncenter\"><table class=\"has-fixed-layout\"><tbody><tr><td><strong>Name<\/strong><\/td><td><strong>Anzahl Spieler<\/strong><\/td><\/tr><tr><td>R\u00f6tenbacher Alphornbl\u00e4ser<\/td><td>5<\/td><\/tr><tr><td>Alphornecho Tuniberg<\/td><td>3<\/td><\/tr><tr><td>Alphornbl\u00e4ser Schwabenklang<\/td><td>4<\/td><\/tr><tr><td>Dickenschieder Alphornbl\u00e4ser<\/td><td>3<\/td><\/tr><tr><td>Sch\u00f6nbuchrand Kuppingen<\/td><td>3<\/td><\/tr><tr><td>Les Cors des Vosges du Nord &nbsp;(aus Frankreich)<\/td><td>4<\/td><\/tr><tr><td>Rheinisches Alphorntrio<\/td><td>3<\/td><\/tr><tr><td>Alphornbl\u00e4ser Taubertal<\/td><td>3<\/td><\/tr><tr><td>Alphorngruppe Ellwanger Bergland-Echo<\/td><td>3<\/td><\/tr><tr><td>Balderschwanger Alphornbl\u00e4ser<\/td><td>5<\/td><\/tr><tr><td>Junginger Alphornbl\u00e4ser<\/td><td>9<\/td><\/tr><tr><td>Original Kurpf\u00e4lzer Alphornbl\u00e4ser<\/td><td>4<\/td><\/tr><tr><td>Lilientaler Alphornbl\u00e4ser<\/td><td>5<\/td><\/tr><tr><td>Jagd und Alphornbl\u00e4ser St Hubertus Reimsbach<\/td><td>9<\/td><\/tr><tr><td>Flinataler Alphornbl\u00e4ser<\/td><td>1<\/td><\/tr><tr><td>Alp-Echo Friedrich R\u00f6hm<\/td><td>1<\/td><\/tr><tr><td>Bernbachtaler Alphornbl\u00e4ser<\/td><td>5<\/td><\/tr><tr><td>Rottumtaler Alphornbl\u00e4ser<\/td><td>3<\/td><\/tr><tr><td>Alphorngruppe Felsenkeller<\/td><td>2<\/td><\/tr><tr><td>Alphornfreunde B\u00fchlertal<\/td><td>5<\/td><\/tr><tr><td>Murrtaler Alphornbl\u00e4ser<\/td><td>5<\/td><\/tr><tr><td>Taunus Bl\u00e4ser<\/td><td>1<\/td><\/tr><tr><td>Heinz Zimmermann<\/td><td>1<\/td><\/tr><tr><td>Landauer Alphornbl\u00e4ser<\/td><td>6<\/td><\/tr><tr><td>Alphornbl\u00e4ser Steinsbergblick<\/td><td>5<\/td><\/tr><tr><td>Freigerichter Alphornisten<\/td><td>1<\/td><\/tr><tr><td>Eisbachtaler Alphornbl\u00e4ser<\/td><td>3<\/td><\/tr><tr><td>Die Badischen<\/td><td>2<\/td><\/tr><tr><td>Alptr\u00e4umer Erzhausen<\/td><td>4<\/td><\/tr><tr><td>Echo vom Heiligkreuz  (aus der Schweiz)<\/td><td>3<\/td><\/tr><\/tbody><\/table><\/figure>\n\n\n\n<div style=\"height:82px\" aria-hidden=\"true\" class=\"wp-block-spacer\"><\/div>\n\n\n\n<h2 class=\"wp-block-heading has-text-align-center\">Galerie<\/h2>\n\n\n\n<div style=\"height:11px\" aria-hidden=\"true\" class=\"wp-block-spacer\"><\/div>\n\n\n\n<figure class=\"wp-block-gallery alignfull has-nested-images columns-default is-cropped wp-block-gallery-1 is-layout-flex wp-block-gallery-is-layout-flex\">\n<figure class=\"wp-block-image alignfull size-large\"><img loading=\"lazy\" decoding=\"async\" width=\"1024\" height=\"576\" data-id=\"102\" src=\"https:\/\/kurpfaelzer-alphornblaeser.de\/wp-content\/uploads\/2024\/10\/z90140-log-1024x576.jpg\" alt=\"\" class=\"wp-image-102\" srcset=\"https:\/\/kurpfaelzer-alphornblaeser.de\/wp-content\/uploads\/2024\/10\/z90140-log-1024x576.jpg 1024w, https:\/\/kurpfaelzer-alphornblaeser.de\/wp-content\/uploads\/2024\/10\/z90140-log-300x169.jpg 300w, https:\/\/kurpfaelzer-alphornblaeser.de\/wp-content\/uploads\/2024\/10\/z90140-log-768x432.jpg 768w, https:\/\/kurpfaelzer-alphornblaeser.de\/wp-content\/uploads\/2024\/10\/z90140-log-1536x864.jpg 1536w, https:\/\/kurpfaelzer-alphornblaeser.de\/wp-content\/uploads\/2024\/10\/z90140-log-2048x1152.jpg 2048w\" sizes=\"auto, (max-width: 1024px) 100vw, 1024px\" \/><\/figure>\n\n\n\n<figure class=\"wp-block-image size-large\"><img loading=\"lazy\" decoding=\"async\" width=\"1024\" height=\"576\" data-id=\"103\" src=\"https:\/\/kurpfaelzer-alphornblaeser.de\/wp-content\/uploads\/2024\/10\/80157-b-1024x576.jpg\" alt=\"\" class=\"wp-image-103\" srcset=\"https:\/\/kurpfaelzer-alphornblaeser.de\/wp-content\/uploads\/2024\/10\/80157-b-1024x576.jpg 1024w, https:\/\/kurpfaelzer-alphornblaeser.de\/wp-content\/uploads\/2024\/10\/80157-b-300x169.jpg 300w, https:\/\/kurpfaelzer-alphornblaeser.de\/wp-content\/uploads\/2024\/10\/80157-b-768x432.jpg 768w, https:\/\/kurpfaelzer-alphornblaeser.de\/wp-content\/uploads\/2024\/10\/80157-b-1536x864.jpg 1536w, https:\/\/kurpfaelzer-alphornblaeser.de\/wp-content\/uploads\/2024\/10\/80157-b-2048x1152.jpg 2048w\" sizes=\"auto, (max-width: 1024px) 100vw, 1024px\" \/><\/figure>\n\n\n\n<figure class=\"wp-block-image size-large\"><img loading=\"lazy\" decoding=\"async\" width=\"1024\" height=\"576\" data-id=\"101\" src=\"https:\/\/kurpfaelzer-alphornblaeser.de\/wp-content\/uploads\/2024\/10\/80149-b-1024x576.jpg\" alt=\"\" class=\"wp-image-101\" srcset=\"https:\/\/kurpfaelzer-alphornblaeser.de\/wp-content\/uploads\/2024\/10\/80149-b-1024x576.jpg 1024w, https:\/\/kurpfaelzer-alphornblaeser.de\/wp-content\/uploads\/2024\/10\/80149-b-300x169.jpg 300w, https:\/\/kurpfaelzer-alphornblaeser.de\/wp-content\/uploads\/2024\/10\/80149-b-768x432.jpg 768w, https:\/\/kurpfaelzer-alphornblaeser.de\/wp-content\/uploads\/2024\/10\/80149-b-1536x864.jpg 1536w, https:\/\/kurpfaelzer-alphornblaeser.de\/wp-content\/uploads\/2024\/10\/80149-b-2048x1152.jpg 2048w\" sizes=\"auto, (max-width: 1024px) 100vw, 1024px\" \/><\/figure>\n\n\n\n<figure class=\"wp-block-image size-large\"><img loading=\"lazy\" decoding=\"async\" width=\"1024\" height=\"576\" data-id=\"100\" src=\"https:\/\/kurpfaelzer-alphornblaeser.de\/wp-content\/uploads\/2024\/10\/80147-b-1024x576.jpg\" alt=\"\" class=\"wp-image-100\" srcset=\"https:\/\/kurpfaelzer-alphornblaeser.de\/wp-content\/uploads\/2024\/10\/80147-b-1024x576.jpg 1024w, https:\/\/kurpfaelzer-alphornblaeser.de\/wp-content\/uploads\/2024\/10\/80147-b-300x169.jpg 300w, https:\/\/kurpfaelzer-alphornblaeser.de\/wp-content\/uploads\/2024\/10\/80147-b-768x432.jpg 768w, https:\/\/kurpfaelzer-alphornblaeser.de\/wp-content\/uploads\/2024\/10\/80147-b-1536x864.jpg 1536w, https:\/\/kurpfaelzer-alphornblaeser.de\/wp-content\/uploads\/2024\/10\/80147-b-2048x1152.jpg 2048w\" sizes=\"auto, (max-width: 1024px) 100vw, 1024px\" \/><\/figure>\n\n\n\n<figure class=\"wp-block-image size-large\"><img loading=\"lazy\" decoding=\"async\" width=\"1024\" height=\"576\" data-id=\"108\" src=\"https:\/\/kurpfaelzer-alphornblaeser.de\/wp-content\/uploads\/2024\/10\/80148-b-1024x576.jpg\" alt=\"\" class=\"wp-image-108\" srcset=\"https:\/\/kurpfaelzer-alphornblaeser.de\/wp-content\/uploads\/2024\/10\/80148-b-1024x576.jpg 1024w, https:\/\/kurpfaelzer-alphornblaeser.de\/wp-content\/uploads\/2024\/10\/80148-b-300x169.jpg 300w, https:\/\/kurpfaelzer-alphornblaeser.de\/wp-content\/uploads\/2024\/10\/80148-b-768x432.jpg 768w, https:\/\/kurpfaelzer-alphornblaeser.de\/wp-content\/uploads\/2024\/10\/80148-b-1536x864.jpg 1536w, https:\/\/kurpfaelzer-alphornblaeser.de\/wp-content\/uploads\/2024\/10\/80148-b-2048x1152.jpg 2048w\" sizes=\"auto, (max-width: 1024px) 100vw, 1024px\" \/><\/figure>\n\n\n\n<figure class=\"wp-block-image size-large\"><img loading=\"lazy\" decoding=\"async\" width=\"1024\" height=\"576\" data-id=\"112\" src=\"https:\/\/kurpfaelzer-alphornblaeser.de\/wp-content\/uploads\/2024\/10\/80120-b-1024x576.jpg\" alt=\"\" class=\"wp-image-112\" srcset=\"https:\/\/kurpfaelzer-alphornblaeser.de\/wp-content\/uploads\/2024\/10\/80120-b-1024x576.jpg 1024w, https:\/\/kurpfaelzer-alphornblaeser.de\/wp-content\/uploads\/2024\/10\/80120-b-300x169.jpg 300w, https:\/\/kurpfaelzer-alphornblaeser.de\/wp-content\/uploads\/2024\/10\/80120-b-768x432.jpg 768w, https:\/\/kurpfaelzer-alphornblaeser.de\/wp-content\/uploads\/2024\/10\/80120-b-1536x864.jpg 1536w, https:\/\/kurpfaelzer-alphornblaeser.de\/wp-content\/uploads\/2024\/10\/80120-b-2048x1152.jpg 2048w\" sizes=\"auto, (max-width: 1024px) 100vw, 1024px\" \/><\/figure>\n\n\n\n<figure class=\"wp-block-image size-large\"><img loading=\"lazy\" decoding=\"async\" width=\"1024\" height=\"576\" data-id=\"106\" src=\"https:\/\/kurpfaelzer-alphornblaeser.de\/wp-content\/uploads\/2024\/10\/80121-b-1024x576.jpg\" alt=\"\" class=\"wp-image-106\" srcset=\"https:\/\/kurpfaelzer-alphornblaeser.de\/wp-content\/uploads\/2024\/10\/80121-b-1024x576.jpg 1024w, https:\/\/kurpfaelzer-alphornblaeser.de\/wp-content\/uploads\/2024\/10\/80121-b-300x169.jpg 300w, https:\/\/kurpfaelzer-alphornblaeser.de\/wp-content\/uploads\/2024\/10\/80121-b-768x432.jpg 768w, https:\/\/kurpfaelzer-alphornblaeser.de\/wp-content\/uploads\/2024\/10\/80121-b-1536x864.jpg 1536w, https:\/\/kurpfaelzer-alphornblaeser.de\/wp-content\/uploads\/2024\/10\/80121-b-2048x1152.jpg 2048w\" sizes=\"auto, (max-width: 1024px) 100vw, 1024px\" \/><\/figure>\n\n\n\n<figure class=\"wp-block-image size-large\"><img loading=\"lazy\" decoding=\"async\" width=\"1024\" height=\"576\" data-id=\"105\" src=\"https:\/\/kurpfaelzer-alphornblaeser.de\/wp-content\/uploads\/2024\/10\/80150-b-1024x576.jpg\" alt=\"\" class=\"wp-image-105\" srcset=\"https:\/\/kurpfaelzer-alphornblaeser.de\/wp-content\/uploads\/2024\/10\/80150-b-1024x576.jpg 1024w, https:\/\/kurpfaelzer-alphornblaeser.de\/wp-content\/uploads\/2024\/10\/80150-b-300x169.jpg 300w, https:\/\/kurpfaelzer-alphornblaeser.de\/wp-content\/uploads\/2024\/10\/80150-b-768x432.jpg 768w, https:\/\/kurpfaelzer-alphornblaeser.de\/wp-content\/uploads\/2024\/10\/80150-b-1536x864.jpg 1536w, https:\/\/kurpfaelzer-alphornblaeser.de\/wp-content\/uploads\/2024\/10\/80150-b-2048x1152.jpg 2048w\" sizes=\"auto, (max-width: 1024px) 100vw, 1024px\" \/><\/figure>\n\n\n\n<figure class=\"wp-block-image size-large\"><img loading=\"lazy\" decoding=\"async\" width=\"1024\" height=\"576\" data-id=\"104\" src=\"https:\/\/kurpfaelzer-alphornblaeser.de\/wp-content\/uploads\/2024\/10\/80131-b-1024x576.jpg\" alt=\"\" class=\"wp-image-104\" srcset=\"https:\/\/kurpfaelzer-alphornblaeser.de\/wp-content\/uploads\/2024\/10\/80131-b-1024x576.jpg 1024w, https:\/\/kurpfaelzer-alphornblaeser.de\/wp-content\/uploads\/2024\/10\/80131-b-300x169.jpg 300w, https:\/\/kurpfaelzer-alphornblaeser.de\/wp-content\/uploads\/2024\/10\/80131-b-768x432.jpg 768w, https:\/\/kurpfaelzer-alphornblaeser.de\/wp-content\/uploads\/2024\/10\/80131-b-1536x864.jpg 1536w, https:\/\/kurpfaelzer-alphornblaeser.de\/wp-content\/uploads\/2024\/10\/80131-b-2048x1152.jpg 2048w\" sizes=\"auto, (max-width: 1024px) 100vw, 1024px\" \/><\/figure>\n\n\n\n<figure class=\"wp-block-image size-large\"><img loading=\"lazy\" decoding=\"async\" width=\"1024\" height=\"576\" data-id=\"109\" src=\"https:\/\/kurpfaelzer-alphornblaeser.de\/wp-content\/uploads\/2024\/10\/80140-b-1024x576.jpg\" alt=\"\" class=\"wp-image-109\" srcset=\"https:\/\/kurpfaelzer-alphornblaeser.de\/wp-content\/uploads\/2024\/10\/80140-b-1024x576.jpg 1024w, https:\/\/kurpfaelzer-alphornblaeser.de\/wp-content\/uploads\/2024\/10\/80140-b-300x169.jpg 300w, https:\/\/kurpfaelzer-alphornblaeser.de\/wp-content\/uploads\/2024\/10\/80140-b-768x432.jpg 768w, https:\/\/kurpfaelzer-alphornblaeser.de\/wp-content\/uploads\/2024\/10\/80140-b-1536x864.jpg 1536w, https:\/\/kurpfaelzer-alphornblaeser.de\/wp-content\/uploads\/2024\/10\/80140-b-2048x1152.jpg 2048w\" sizes=\"auto, (max-width: 1024px) 100vw, 1024px\" \/><\/figure>\n\n\n\n<figure class=\"wp-block-image size-large\"><img loading=\"lazy\" decoding=\"async\" width=\"1024\" height=\"576\" data-id=\"110\" src=\"https:\/\/kurpfaelzer-alphornblaeser.de\/wp-content\/uploads\/2024\/10\/80139-b-1024x576.jpg\" alt=\"\" class=\"wp-image-110\" srcset=\"https:\/\/kurpfaelzer-alphornblaeser.de\/wp-content\/uploads\/2024\/10\/80139-b-1024x576.jpg 1024w, https:\/\/kurpfaelzer-alphornblaeser.de\/wp-content\/uploads\/2024\/10\/80139-b-300x169.jpg 300w, https:\/\/kurpfaelzer-alphornblaeser.de\/wp-content\/uploads\/2024\/10\/80139-b-768x432.jpg 768w, https:\/\/kurpfaelzer-alphornblaeser.de\/wp-content\/uploads\/2024\/10\/80139-b-1536x864.jpg 1536w, https:\/\/kurpfaelzer-alphornblaeser.de\/wp-content\/uploads\/2024\/10\/80139-b-2048x1152.jpg 2048w\" sizes=\"auto, (max-width: 1024px) 100vw, 1024px\" \/><\/figure>\n\n\n\n<figure class=\"wp-block-image size-large\"><img loading=\"lazy\" decoding=\"async\" width=\"1024\" height=\"576\" data-id=\"111\" src=\"https:\/\/kurpfaelzer-alphornblaeser.de\/wp-content\/uploads\/2024\/10\/80145-b-1024x576.jpg\" alt=\"\" class=\"wp-image-111\" srcset=\"https:\/\/kurpfaelzer-alphornblaeser.de\/wp-content\/uploads\/2024\/10\/80145-b-1024x576.jpg 1024w, https:\/\/kurpfaelzer-alphornblaeser.de\/wp-content\/uploads\/2024\/10\/80145-b-300x169.jpg 300w, https:\/\/kurpfaelzer-alphornblaeser.de\/wp-content\/uploads\/2024\/10\/80145-b-768x432.jpg 768w, https:\/\/kurpfaelzer-alphornblaeser.de\/wp-content\/uploads\/2024\/10\/80145-b-1536x864.jpg 1536w, https:\/\/kurpfaelzer-alphornblaeser.de\/wp-content\/uploads\/2024\/10\/80145-b-2048x1152.jpg 2048w\" sizes=\"auto, (max-width: 1024px) 100vw, 1024px\" \/><\/figure>\n\n\n\n<figure class=\"wp-block-image size-large\"><img loading=\"lazy\" decoding=\"async\" width=\"1024\" height=\"576\" data-id=\"120\" src=\"https:\/\/kurpfaelzer-alphornblaeser.de\/wp-content\/uploads\/2024\/10\/80140-b-2-1024x576.jpg\" alt=\"\" class=\"wp-image-120\" srcset=\"https:\/\/kurpfaelzer-alphornblaeser.de\/wp-content\/uploads\/2024\/10\/80140-b-2-1024x576.jpg 1024w, https:\/\/kurpfaelzer-alphornblaeser.de\/wp-content\/uploads\/2024\/10\/80140-b-2-300x169.jpg 300w, https:\/\/kurpfaelzer-alphornblaeser.de\/wp-content\/uploads\/2024\/10\/80140-b-2-768x432.jpg 768w, https:\/\/kurpfaelzer-alphornblaeser.de\/wp-content\/uploads\/2024\/10\/80140-b-2-1536x864.jpg 1536w, https:\/\/kurpfaelzer-alphornblaeser.de\/wp-content\/uploads\/2024\/10\/80140-b-2-2048x1152.jpg 2048w\" sizes=\"auto, (max-width: 1024px) 100vw, 1024px\" \/><\/figure>\n\n\n\n<figure class=\"wp-block-image size-large\"><img loading=\"lazy\" decoding=\"async\" width=\"1024\" height=\"576\" data-id=\"119\" src=\"https:\/\/kurpfaelzer-alphornblaeser.de\/wp-content\/uploads\/2024\/10\/80145-b-2-1024x576.jpg\" alt=\"\" class=\"wp-image-119\" srcset=\"https:\/\/kurpfaelzer-alphornblaeser.de\/wp-content\/uploads\/2024\/10\/80145-b-2-1024x576.jpg 1024w, https:\/\/kurpfaelzer-alphornblaeser.de\/wp-content\/uploads\/2024\/10\/80145-b-2-300x169.jpg 300w, https:\/\/kurpfaelzer-alphornblaeser.de\/wp-content\/uploads\/2024\/10\/80145-b-2-768x432.jpg 768w, https:\/\/kurpfaelzer-alphornblaeser.de\/wp-content\/uploads\/2024\/10\/80145-b-2-1536x864.jpg 1536w, https:\/\/kurpfaelzer-alphornblaeser.de\/wp-content\/uploads\/2024\/10\/80145-b-2-2048x1152.jpg 2048w\" sizes=\"auto, (max-width: 1024px) 100vw, 1024px\" \/><\/figure>\n\n\n\n<figure class=\"wp-block-image size-large\"><img loading=\"lazy\" decoding=\"async\" width=\"1024\" height=\"576\" data-id=\"114\" src=\"https:\/\/kurpfaelzer-alphornblaeser.de\/wp-content\/uploads\/2024\/10\/80140-b-1-1024x576.jpg\" alt=\"\" class=\"wp-image-114\" srcset=\"https:\/\/kurpfaelzer-alphornblaeser.de\/wp-content\/uploads\/2024\/10\/80140-b-1-1024x576.jpg 1024w, https:\/\/kurpfaelzer-alphornblaeser.de\/wp-content\/uploads\/2024\/10\/80140-b-1-300x169.jpg 300w, https:\/\/kurpfaelzer-alphornblaeser.de\/wp-content\/uploads\/2024\/10\/80140-b-1-768x432.jpg 768w, https:\/\/kurpfaelzer-alphornblaeser.de\/wp-content\/uploads\/2024\/10\/80140-b-1-1536x864.jpg 1536w, https:\/\/kurpfaelzer-alphornblaeser.de\/wp-content\/uploads\/2024\/10\/80140-b-1-2048x1152.jpg 2048w\" sizes=\"auto, (max-width: 1024px) 100vw, 1024px\" \/><\/figure>\n\n\n\n<figure class=\"wp-block-image size-large\"><img loading=\"lazy\" decoding=\"async\" width=\"1024\" height=\"576\" data-id=\"115\" src=\"https:\/\/kurpfaelzer-alphornblaeser.de\/wp-content\/uploads\/2024\/10\/80139-b-1-1024x576.jpg\" alt=\"\" class=\"wp-image-115\" srcset=\"https:\/\/kurpfaelzer-alphornblaeser.de\/wp-content\/uploads\/2024\/10\/80139-b-1-1024x576.jpg 1024w, https:\/\/kurpfaelzer-alphornblaeser.de\/wp-content\/uploads\/2024\/10\/80139-b-1-300x169.jpg 300w, https:\/\/kurpfaelzer-alphornblaeser.de\/wp-content\/uploads\/2024\/10\/80139-b-1-768x432.jpg 768w, https:\/\/kurpfaelzer-alphornblaeser.de\/wp-content\/uploads\/2024\/10\/80139-b-1-1536x864.jpg 1536w, https:\/\/kurpfaelzer-alphornblaeser.de\/wp-content\/uploads\/2024\/10\/80139-b-1-2048x1152.jpg 2048w\" sizes=\"auto, (max-width: 1024px) 100vw, 1024px\" \/><\/figure>\n\n\n\n<figure class=\"wp-block-image size-large\"><img loading=\"lazy\" decoding=\"async\" width=\"1024\" height=\"576\" data-id=\"116\" src=\"https:\/\/kurpfaelzer-alphornblaeser.de\/wp-content\/uploads\/2024\/10\/80145-b-1-1024x576.jpg\" alt=\"\" class=\"wp-image-116\" srcset=\"https:\/\/kurpfaelzer-alphornblaeser.de\/wp-content\/uploads\/2024\/10\/80145-b-1-1024x576.jpg 1024w, https:\/\/kurpfaelzer-alphornblaeser.de\/wp-content\/uploads\/2024\/10\/80145-b-1-300x169.jpg 300w, https:\/\/kurpfaelzer-alphornblaeser.de\/wp-content\/uploads\/2024\/10\/80145-b-1-768x432.jpg 768w, https:\/\/kurpfaelzer-alphornblaeser.de\/wp-content\/uploads\/2024\/10\/80145-b-1-1536x864.jpg 1536w, https:\/\/kurpfaelzer-alphornblaeser.de\/wp-content\/uploads\/2024\/10\/80145-b-1-2048x1152.jpg 2048w\" sizes=\"auto, (max-width: 1024px) 100vw, 1024px\" \/><\/figure>\n\n\n\n<figure class=\"wp-block-image size-large\"><img loading=\"lazy\" decoding=\"async\" width=\"1024\" height=\"576\" data-id=\"117\" src=\"https:\/\/kurpfaelzer-alphornblaeser.de\/wp-content\/uploads\/2024\/10\/80139-b-2-1024x576.jpg\" alt=\"\" class=\"wp-image-117\" srcset=\"https:\/\/kurpfaelzer-alphornblaeser.de\/wp-content\/uploads\/2024\/10\/80139-b-2-1024x576.jpg 1024w, https:\/\/kurpfaelzer-alphornblaeser.de\/wp-content\/uploads\/2024\/10\/80139-b-2-300x169.jpg 300w, https:\/\/kurpfaelzer-alphornblaeser.de\/wp-content\/uploads\/2024\/10\/80139-b-2-768x432.jpg 768w, https:\/\/kurpfaelzer-alphornblaeser.de\/wp-content\/uploads\/2024\/10\/80139-b-2-1536x864.jpg 1536w, https:\/\/kurpfaelzer-alphornblaeser.de\/wp-content\/uploads\/2024\/10\/80139-b-2-2048x1152.jpg 2048w\" sizes=\"auto, (max-width: 1024px) 100vw, 1024px\" \/><\/figure>\n\n\n\n<figure class=\"wp-block-image size-large\"><img loading=\"lazy\" decoding=\"async\" width=\"1024\" height=\"576\" data-id=\"107\" src=\"https:\/\/kurpfaelzer-alphornblaeser.de\/wp-content\/uploads\/2024\/10\/80137-b-1024x576.jpg\" alt=\"\" class=\"wp-image-107\" srcset=\"https:\/\/kurpfaelzer-alphornblaeser.de\/wp-content\/uploads\/2024\/10\/80137-b-1024x576.jpg 1024w, https:\/\/kurpfaelzer-alphornblaeser.de\/wp-content\/uploads\/2024\/10\/80137-b-300x169.jpg 300w, https:\/\/kurpfaelzer-alphornblaeser.de\/wp-content\/uploads\/2024\/10\/80137-b-768x432.jpg 768w, https:\/\/kurpfaelzer-alphornblaeser.de\/wp-content\/uploads\/2024\/10\/80137-b-1536x864.jpg 1536w, https:\/\/kurpfaelzer-alphornblaeser.de\/wp-content\/uploads\/2024\/10\/80137-b-2048x1152.jpg 2048w\" sizes=\"auto, (max-width: 1024px) 100vw, 1024px\" \/><\/figure>\n<\/figure>\n\n\n\n<p><\/p>\n","protected":false},"excerpt":{"rendered":"<p>Teilnehmer: Gruppen und Einzelspieler Name Anzahl Spieler R\u00f6tenbacher Alphornbl\u00e4ser 5 Alphornecho Tuniberg 3 Alphornbl\u00e4ser Schwabenklang 4 Dickenschieder Alphornbl\u00e4ser 3 Sch\u00f6nbuchrand Kuppingen 3 Les Cors des Vosges du Nord &nbsp;(aus Frankreich) &#8230;<\/p>\n","protected":false},"author":1,"featured_media":0,"parent":0,"menu_order":0,"comment_status":"closed","ping_status":"closed","template":"","meta":{"footnotes":""},"class_list":["post-86","page","type-page","status-publish","hentry"],"_links":{"self":[{"href":"https:\/\/kurpfaelzer-alphornblaeser.de\/index.php\/wp-json\/wp\/v2\/pages\/86","targetHints":{"allow":["GET"]}}],"collection":[{"href":"https:\/\/kurpfaelzer-alphornblaeser.de\/index.php\/wp-json\/wp\/v2\/pages"}],"about":[{"href":"https:\/\/kurpfaelzer-alphornblaeser.de\/index.php\/wp-json\/wp\/v2\/types\/page"}],"author":[{"embeddable":true,"href":"https:\/\/kurpfaelzer-alphornblaeser.de\/index.php\/wp-json\/wp\/v2\/users\/1"}],"replies":[{"embeddable":true,"href":"https:\/\/kurpfaelzer-alphornblaeser.de\/index.php\/wp-json\/wp\/v2\/comments?post=86"}],"version-history":[{"count":5,"href":"https:\/\/kurpfaelzer-alphornblaeser.de\/index.php\/wp-json\/wp\/v2\/pages\/86\/revisions"}],"predecessor-version":[{"id":338,"href":"https:\/\/kurpfaelzer-alphornblaeser.de\/index.php\/wp-json\/wp\/v2\/pages\/86\/revisions\/338"}],"wp:attachment":[{"href":"https:\/\/kurpfaelzer-alphornblaeser.de\/index.php\/wp-json\/wp\/v2\/media?parent=86"}],"curies":[{"name":"wp","href":"https:\/\/api.w.org\/{rel}","templated":true}]}}