{"id":90,"date":"2024-10-25T23:34:54","date_gmt":"2024-10-25T23:34:54","guid":{"rendered":"https:\/\/kurpfaelzer-alphornblaeser.de\/?page_id=90"},"modified":"2024-10-26T11:17:25","modified_gmt":"2024-10-26T11:17:25","slug":"2019-mosbach","status":"publish","type":"page","link":"https:\/\/kurpfaelzer-alphornblaeser.de\/index.php\/2019-mosbach\/","title":{"rendered":"2019 Mosbach"},"content":{"rendered":"<div class=\"wp-block-image\">\n<figure class=\"aligncenter size-large\"><img loading=\"lazy\" decoding=\"async\" width=\"724\" height=\"1024\" src=\"https:\/\/kurpfaelzer-alphornblaeser.de\/wp-content\/uploads\/2024\/10\/Alphornblaesertreffen_Mosbach_Programm2019-724x1024.jpg\" alt=\"\" class=\"wp-image-213\" srcset=\"https:\/\/kurpfaelzer-alphornblaeser.de\/wp-content\/uploads\/2024\/10\/Alphornblaesertreffen_Mosbach_Programm2019-724x1024.jpg 724w, https:\/\/kurpfaelzer-alphornblaeser.de\/wp-content\/uploads\/2024\/10\/Alphornblaesertreffen_Mosbach_Programm2019-212x300.jpg 212w, https:\/\/kurpfaelzer-alphornblaeser.de\/wp-content\/uploads\/2024\/10\/Alphornblaesertreffen_Mosbach_Programm2019-768x1086.jpg 768w, https:\/\/kurpfaelzer-alphornblaeser.de\/wp-content\/uploads\/2024\/10\/Alphornblaesertreffen_Mosbach_Programm2019-1086x1536.jpg 1086w, https:\/\/kurpfaelzer-alphornblaeser.de\/wp-content\/uploads\/2024\/10\/Alphornblaesertreffen_Mosbach_Programm2019-1448x2048.jpg 1448w, https:\/\/kurpfaelzer-alphornblaeser.de\/wp-content\/uploads\/2024\/10\/Alphornblaesertreffen_Mosbach_Programm2019-scaled.jpg 1810w\" sizes=\"auto, (max-width: 724px) 100vw, 724px\" \/><\/figure>\n<\/div>\n\n\n<div style=\"height:31px\" aria-hidden=\"true\" class=\"wp-block-spacer\"><\/div>\n\n\n\n<h2 class=\"wp-block-heading has-text-align-center\">Teilnehmer: Gruppen und Einzelspieler<\/h2>\n\n\n\n<div style=\"height:54px\" aria-hidden=\"true\" class=\"wp-block-spacer\"><\/div>\n\n\n\n<figure class=\"wp-block-table aligncenter\"><table class=\"has-fixed-layout\"><tbody><tr><td><strong>Name<\/strong><\/td><td><strong>Herkunft<\/strong><\/td><td><strong>Anzahl<\/strong><\/td><\/tr><tr><td>Alphornecho Tuniberg<\/td><td>Emmendingen<\/td><td>4<\/td><\/tr><tr><td>Odenw\u00e4lder Alphornbl\u00e4ser<\/td><td>M\u00f6rlenbach<\/td><td>6<\/td><\/tr><tr><td>Odenthalerin<\/td><td>Odenthal<\/td><td>1<\/td><\/tr><tr><td>Alphornfreunde Ober-Erlenbach<\/td><td>Ober-Erlenbach<\/td><td>5<\/td><\/tr><tr><td>Alphornfreunde Schwabenland<\/td><td>Ludwigsburg<\/td><td>4<\/td><\/tr><tr><td>Sch\u00f6nbuchrand Kuppingen<\/td><td>Renningen<\/td><td>7<\/td><\/tr><tr><td>Stockweg Alphorn-Formation<\/td><td>Wald<\/td><td>4<\/td><\/tr><tr><td>Alphornbl\u00e4ser Taubertal<\/td><td>Tauberbischofsheim<\/td><td>5<\/td><\/tr><tr><td>Alphornecho-Kasselgrund<\/td><td>Biebergem\u00fcnd<\/td><td>1<\/td><\/tr><tr><td>Die Badischen Alphornbl\u00e4ser<\/td><td>Ubstadt<\/td><td>4<\/td><\/tr><tr><td>Der Eberdinger Alphornbl\u00e4ser<\/td><td>Eberdingen<\/td><td>1<\/td><\/tr><tr><td>Rottumtaler Alphornspieler<\/td><td>Ochsenhausen<\/td><td>4<\/td><\/tr><tr><td>Bergstr\u00e4\u00dfer Alphornetten<\/td><td>Weinheim<\/td><td>4<\/td><\/tr><tr><td>Alphornfreunde B\u00fchlertal<\/td><td>B\u00fchl<\/td><td>5<\/td><\/tr><tr><td>Alphorntrio Selztal<\/td><td>Mauchenheim<\/td><td>5<\/td><\/tr><tr><td>Elztaler<\/td><td>Dallau<\/td><td>1<\/td><\/tr><tr><td>Bernbachtaler<\/td><td>Bretzfeld<\/td><td>4<\/td><\/tr><tr><td>Echo vom M\u00fchlstein<\/td><td>Nordrach<\/td><td>4<\/td><\/tr><tr><td>Alphornfreunde Rheinwald<\/td><td>Rheinstetten<\/td><td>5<\/td><\/tr><tr><td>Stefan<\/td><td>Kreenheinstetten<\/td><td>1<\/td><\/tr><tr><td>Stauferl\u00e4nder Alphornbl\u00e4ser<\/td><td>B\u00f6rtlingen<\/td><td>6<\/td><\/tr><tr><td>Ellwanger Bergland-Echo<\/td><td>Ellwangen<\/td><td>6<\/td><\/tr><tr><td>Holger<\/td><td>Stockstadt am Rhein<\/td><td>1<\/td><\/tr><tr><td>Gregor<\/td><td>Siegelsbach<\/td><td>1<\/td><\/tr><tr><td>Bernd<\/td><td>D\u00fcsseldorf<\/td><td>1<\/td><\/tr><tr><td>Kurt<\/td><td>Baienfurt<\/td><td>1<\/td><\/tr><tr><td>Kurpf\u00e4lzer Alphornbl\u00e4ser<\/td><td>Ladenburg<\/td><td>2<\/td><\/tr><\/tbody><\/table><\/figure>\n\n\n\n<p><\/p>\n","protected":false},"excerpt":{"rendered":"<p>Teilnehmer: Gruppen und Einzelspieler Name Herkunft Anzahl Alphornecho Tuniberg Emmendingen 4 Odenw\u00e4lder Alphornbl\u00e4ser M\u00f6rlenbach 6 Odenthalerin Odenthal 1 Alphornfreunde Ober-Erlenbach Ober-Erlenbach 5 Alphornfreunde Schwabenland Ludwigsburg 4 Sch\u00f6nbuchrand Kuppingen Renningen 7 &#8230;<\/p>\n","protected":false},"author":1,"featured_media":0,"parent":0,"menu_order":0,"comment_status":"closed","ping_status":"closed","template":"","meta":{"footnotes":""},"class_list":["post-90","page","type-page","status-publish","hentry"],"_links":{"self":[{"href":"https:\/\/kurpfaelzer-alphornblaeser.de\/index.php\/wp-json\/wp\/v2\/pages\/90","targetHints":{"allow":["GET"]}}],"collection":[{"href":"https:\/\/kurpfaelzer-alphornblaeser.de\/index.php\/wp-json\/wp\/v2\/pages"}],"about":[{"href":"https:\/\/kurpfaelzer-alphornblaeser.de\/index.php\/wp-json\/wp\/v2\/types\/page"}],"author":[{"embeddable":true,"href":"https:\/\/kurpfaelzer-alphornblaeser.de\/index.php\/wp-json\/wp\/v2\/users\/1"}],"replies":[{"embeddable":true,"href":"https:\/\/kurpfaelzer-alphornblaeser.de\/index.php\/wp-json\/wp\/v2\/comments?post=90"}],"version-history":[{"count":3,"href":"https:\/\/kurpfaelzer-alphornblaeser.de\/index.php\/wp-json\/wp\/v2\/pages\/90\/revisions"}],"predecessor-version":[{"id":216,"href":"https:\/\/kurpfaelzer-alphornblaeser.de\/index.php\/wp-json\/wp\/v2\/pages\/90\/revisions\/216"}],"wp:attachment":[{"href":"https:\/\/kurpfaelzer-alphornblaeser.de\/index.php\/wp-json\/wp\/v2\/media?parent=90"}],"curies":[{"name":"wp","href":"https:\/\/api.w.org\/{rel}","templated":true}]}}